{"id":1127,"date":"2022-06-04T19:18:16","date_gmt":"2022-06-04T19:18:16","guid":{"rendered":"https:\/\/cabralycia.com.ar\/?page_id=1127"},"modified":"2025-04-28T16:09:30","modified_gmt":"2025-04-28T16:09:30","slug":"pantografos","status":"publish","type":"page","link":"https:\/\/cabralycia.com.ar\/index.php\/pantografos\/","title":{"rendered":"Pant\u00f3grafos y automatizacion de soldadura y corte"},"content":{"rendered":"\t\t<div data-elementor-type=\"wp-post\" data-elementor-id=\"1127\" class=\"elementor elementor-1127\">\n\t\t\t\t\t\t<section class=\"elementor-section elementor-top-section elementor-element elementor-element-f0fdd58 elementor-section-boxed elementor-section-height-default elementor-section-height-default\" data-id=\"f0fdd58\" data-element_type=\"section\" data-e-type=\"section\">\n\t\t\t\t\t\t<div class=\"elementor-container elementor-column-gap-default\">\n\t\t\t\t\t<div class=\"elementor-column elementor-col-100 elementor-top-column elementor-element elementor-element-fb9b0ca\" data-id=\"fb9b0ca\" data-element_type=\"column\" data-e-type=\"column\">\n\t\t\t<div class=\"elementor-widget-wrap elementor-element-populated\">\n\t\t\t\t\t\t<div class=\"elementor-element elementor-element-3ab06bb elementor-widget elementor-widget-heading\" data-id=\"3ab06bb\" data-element_type=\"widget\" data-e-type=\"widget\" data-widget_type=\"heading.default\">\n\t\t\t\t<div class=\"elementor-widget-container\">\n\t\t\t\t\t<h2 class=\"elementor-heading-title elementor-size-default\"><font color=\"#00000\"><span style=\"font-size: 25px;letter-spacing: 0.4px;text-transform: none;white-space: normal\">AUTOMATIZACION DE SOLDADURA Y CORTE<\/span><\/font><\/h2>\t\t\t\t<\/div>\n\t\t\t\t<\/div>\n\t\t\t\t<div class=\"elementor-element elementor-element-7c96465 elementor-widget-divider--view-line elementor-widget elementor-widget-divider\" data-id=\"7c96465\" data-element_type=\"widget\" data-e-type=\"widget\" data-widget_type=\"divider.default\">\n\t\t\t\t<div class=\"elementor-widget-container\">\n\t\t\t\t\t\t\t<div class=\"elementor-divider\">\n\t\t\t<span class=\"elementor-divider-separator\">\n\t\t\t\t\t\t<\/span>\n\t\t<\/div>\n\t\t\t\t\t\t<\/div>\n\t\t\t\t<\/div>\n\t\t\t\t\t<\/div>\n\t\t<\/div>\n\t\t\t\t\t<\/div>\n\t\t<\/section>\n\t\t\t\t<section class=\"elementor-section elementor-top-section elementor-element elementor-element-0cb7132 elementor-section-boxed elementor-section-height-default elementor-section-height-default\" data-id=\"0cb7132\" data-element_type=\"section\" data-e-type=\"section\">\n\t\t\t\t\t\t<div class=\"elementor-container elementor-column-gap-custom\">\n\t\t\t\t\t<div class=\"elementor-column elementor-col-33 elementor-top-column elementor-element elementor-element-ecdd7ef\" data-id=\"ecdd7ef\" data-element_type=\"column\" data-e-type=\"column\">\n\t\t\t<div class=\"elementor-widget-wrap elementor-element-populated\">\n\t\t\t\t\t\t<div class=\"elementor-element elementor-element-1c339e2 elementor-widget elementor-widget-image\" data-id=\"1c339e2\" data-element_type=\"widget\" data-e-type=\"widget\" data-widget_type=\"image.default\">\n\t\t\t\t<div class=\"elementor-widget-container\">\n\t\t\t\t\t\t\t\t\t\t\t\t\t\t\t<img fetchpriority=\"high\" decoding=\"async\" width=\"712\" height=\"403\" src=\"https:\/\/i0.wp.com\/cabralycia.com.ar\/wp-content\/uploads\/2022\/06\/automatizacion-de-corte-7.jpg?fit=712%2C403&amp;ssl=1\" class=\"attachment-full size-full wp-image-1142\" alt=\"\" srcset=\"https:\/\/i0.wp.com\/cabralycia.com.ar\/wp-content\/uploads\/2022\/06\/automatizacion-de-corte-7.jpg?w=712&amp;ssl=1 712w, https:\/\/i0.wp.com\/cabralycia.com.ar\/wp-content\/uploads\/2022\/06\/automatizacion-de-corte-7.jpg?resize=300%2C170&amp;ssl=1 300w\" sizes=\"(max-width: 712px) 100vw, 712px\" \/>\t\t\t\t\t\t\t\t\t\t\t\t\t\t\t<\/div>\n\t\t\t\t<\/div>\n\t\t\t\t\t<\/div>\n\t\t<\/div>\n\t\t\t\t<div class=\"elementor-column elementor-col-33 elementor-top-column elementor-element elementor-element-e6c7242\" data-id=\"e6c7242\" data-element_type=\"column\" data-e-type=\"column\">\n\t\t\t<div class=\"elementor-widget-wrap elementor-element-populated\">\n\t\t\t\t\t\t<div class=\"elementor-element elementor-element-32c74b4 elementor-widget elementor-widget-image\" data-id=\"32c74b4\" data-element_type=\"widget\" data-e-type=\"widget\" data-widget_type=\"image.default\">\n\t\t\t\t<div class=\"elementor-widget-container\">\n\t\t\t\t\t\t\t\t\t\t\t\t\t\t\t<img decoding=\"async\" width=\"712\" height=\"403\" data-src=\"https:\/\/i0.wp.com\/cabralycia.com.ar\/wp-content\/uploads\/2022\/06\/automatizacion-de-corte-3.jpg?fit=712%2C403&amp;ssl=1\" class=\"attachment-large size-large wp-image-1138 lazyload\" alt=\"\" data-srcset=\"https:\/\/i0.wp.com\/cabralycia.com.ar\/wp-content\/uploads\/2022\/06\/automatizacion-de-corte-3.jpg?w=712&amp;ssl=1 712w, https:\/\/i0.wp.com\/cabralycia.com.ar\/wp-content\/uploads\/2022\/06\/automatizacion-de-corte-3.jpg?resize=300%2C170&amp;ssl=1 300w\" data-sizes=\"(max-width: 712px) 100vw, 712px\" src=\"data:image\/svg+xml;base64,PHN2ZyB3aWR0aD0iMSIgaGVpZ2h0PSIxIiB4bWxucz0iaHR0cDovL3d3dy53My5vcmcvMjAwMC9zdmciPjwvc3ZnPg==\" style=\"--smush-placeholder-width: 712px; --smush-placeholder-aspect-ratio: 712\/403;\" \/>\t\t\t\t\t\t\t\t\t\t\t\t\t\t\t<\/div>\n\t\t\t\t<\/div>\n\t\t\t\t\t<\/div>\n\t\t<\/div>\n\t\t\t\t<div class=\"elementor-column elementor-col-33 elementor-top-column elementor-element elementor-element-fc6eee5\" data-id=\"fc6eee5\" data-element_type=\"column\" data-e-type=\"column\">\n\t\t\t<div class=\"elementor-widget-wrap elementor-element-populated\">\n\t\t\t\t\t\t<div class=\"elementor-element elementor-element-7de6365 elementor-widget elementor-widget-image\" data-id=\"7de6365\" data-element_type=\"widget\" data-e-type=\"widget\" data-widget_type=\"image.default\">\n\t\t\t\t<div class=\"elementor-widget-container\">\n\t\t\t\t\t\t\t\t\t\t\t\t\t\t\t<img decoding=\"async\" width=\"712\" height=\"403\" data-src=\"https:\/\/i0.wp.com\/cabralycia.com.ar\/wp-content\/uploads\/2022\/06\/automatizacion-de-corte-2.jpg?fit=712%2C403&amp;ssl=1\" class=\"attachment-large size-large wp-image-1137 lazyload\" alt=\"\" data-srcset=\"https:\/\/i0.wp.com\/cabralycia.com.ar\/wp-content\/uploads\/2022\/06\/automatizacion-de-corte-2.jpg?w=712&amp;ssl=1 712w, https:\/\/i0.wp.com\/cabralycia.com.ar\/wp-content\/uploads\/2022\/06\/automatizacion-de-corte-2.jpg?resize=300%2C170&amp;ssl=1 300w\" data-sizes=\"(max-width: 712px) 100vw, 712px\" src=\"data:image\/svg+xml;base64,PHN2ZyB3aWR0aD0iMSIgaGVpZ2h0PSIxIiB4bWxucz0iaHR0cDovL3d3dy53My5vcmcvMjAwMC9zdmciPjwvc3ZnPg==\" style=\"--smush-placeholder-width: 712px; --smush-placeholder-aspect-ratio: 712\/403;\" \/>\t\t\t\t\t\t\t\t\t\t\t\t\t\t\t<\/div>\n\t\t\t\t<\/div>\n\t\t\t\t\t<\/div>\n\t\t<\/div>\n\t\t\t\t\t<\/div>\n\t\t<\/section>\n\t\t\t\t<section class=\"elementor-section elementor-top-section elementor-element elementor-element-6306fb9 elementor-section-boxed elementor-section-height-default elementor-section-height-default\" data-id=\"6306fb9\" data-element_type=\"section\" data-e-type=\"section\">\n\t\t\t\t\t\t<div class=\"elementor-container elementor-column-gap-custom\">\n\t\t\t\t\t<div class=\"elementor-column elementor-col-33 elementor-top-column elementor-element elementor-element-2f6e886\" data-id=\"2f6e886\" data-element_type=\"column\" data-e-type=\"column\">\n\t\t\t<div class=\"elementor-widget-wrap elementor-element-populated\">\n\t\t\t\t\t\t<div class=\"elementor-element elementor-element-8e7a5f8 elementor-widget elementor-widget-image\" data-id=\"8e7a5f8\" data-element_type=\"widget\" data-e-type=\"widget\" data-widget_type=\"image.default\">\n\t\t\t\t<div class=\"elementor-widget-container\">\n\t\t\t\t\t\t\t\t\t\t\t\t\t\t\t<img decoding=\"async\" width=\"712\" height=\"403\" data-src=\"https:\/\/i0.wp.com\/cabralycia.com.ar\/wp-content\/uploads\/2022\/06\/automatizacion-de-corte-6.jpg?fit=712%2C403&amp;ssl=1\" class=\"attachment-full size-full wp-image-1141 lazyload\" alt=\"\" data-srcset=\"https:\/\/i0.wp.com\/cabralycia.com.ar\/wp-content\/uploads\/2022\/06\/automatizacion-de-corte-6.jpg?w=712&amp;ssl=1 712w, https:\/\/i0.wp.com\/cabralycia.com.ar\/wp-content\/uploads\/2022\/06\/automatizacion-de-corte-6.jpg?resize=300%2C170&amp;ssl=1 300w\" data-sizes=\"(max-width: 712px) 100vw, 712px\" src=\"data:image\/svg+xml;base64,PHN2ZyB3aWR0aD0iMSIgaGVpZ2h0PSIxIiB4bWxucz0iaHR0cDovL3d3dy53My5vcmcvMjAwMC9zdmciPjwvc3ZnPg==\" style=\"--smush-placeholder-width: 712px; --smush-placeholder-aspect-ratio: 712\/403;\" \/>\t\t\t\t\t\t\t\t\t\t\t\t\t\t\t<\/div>\n\t\t\t\t<\/div>\n\t\t\t\t\t<\/div>\n\t\t<\/div>\n\t\t\t\t<div class=\"elementor-column elementor-col-33 elementor-top-column elementor-element elementor-element-f3cd20a\" data-id=\"f3cd20a\" data-element_type=\"column\" data-e-type=\"column\">\n\t\t\t<div class=\"elementor-widget-wrap elementor-element-populated\">\n\t\t\t\t\t\t<div class=\"elementor-element elementor-element-9abff9c elementor-widget elementor-widget-image\" data-id=\"9abff9c\" data-element_type=\"widget\" data-e-type=\"widget\" data-widget_type=\"image.default\">\n\t\t\t\t<div class=\"elementor-widget-container\">\n\t\t\t\t\t\t\t\t\t\t\t\t\t\t\t<img decoding=\"async\" width=\"712\" height=\"403\" data-src=\"https:\/\/i0.wp.com\/cabralycia.com.ar\/wp-content\/uploads\/2022\/06\/automatizacion-de-corte-5.jpg?fit=712%2C403&amp;ssl=1\" class=\"attachment-large size-large wp-image-1140 lazyload\" alt=\"\" data-srcset=\"https:\/\/i0.wp.com\/cabralycia.com.ar\/wp-content\/uploads\/2022\/06\/automatizacion-de-corte-5.jpg?w=712&amp;ssl=1 712w, https:\/\/i0.wp.com\/cabralycia.com.ar\/wp-content\/uploads\/2022\/06\/automatizacion-de-corte-5.jpg?resize=300%2C170&amp;ssl=1 300w\" data-sizes=\"(max-width: 712px) 100vw, 712px\" src=\"data:image\/svg+xml;base64,PHN2ZyB3aWR0aD0iMSIgaGVpZ2h0PSIxIiB4bWxucz0iaHR0cDovL3d3dy53My5vcmcvMjAwMC9zdmciPjwvc3ZnPg==\" style=\"--smush-placeholder-width: 712px; --smush-placeholder-aspect-ratio: 712\/403;\" \/>\t\t\t\t\t\t\t\t\t\t\t\t\t\t\t<\/div>\n\t\t\t\t<\/div>\n\t\t\t\t\t<\/div>\n\t\t<\/div>\n\t\t\t\t<div class=\"elementor-column elementor-col-33 elementor-top-column elementor-element elementor-element-7672303\" data-id=\"7672303\" data-element_type=\"column\" data-e-type=\"column\">\n\t\t\t<div class=\"elementor-widget-wrap elementor-element-populated\">\n\t\t\t\t\t\t<div class=\"elementor-element elementor-element-a1a3be9 elementor-widget elementor-widget-image\" data-id=\"a1a3be9\" data-element_type=\"widget\" data-e-type=\"widget\" data-widget_type=\"image.default\">\n\t\t\t\t<div class=\"elementor-widget-container\">\n\t\t\t\t\t\t\t\t\t\t\t\t\t\t\t<img decoding=\"async\" width=\"712\" height=\"403\" data-src=\"https:\/\/i0.wp.com\/cabralycia.com.ar\/wp-content\/uploads\/2022\/06\/automatizacion-de-corte-1.jpg?fit=712%2C403&amp;ssl=1\" class=\"attachment-large size-large wp-image-1136 lazyload\" alt=\"\" data-srcset=\"https:\/\/i0.wp.com\/cabralycia.com.ar\/wp-content\/uploads\/2022\/06\/automatizacion-de-corte-1.jpg?w=712&amp;ssl=1 712w, https:\/\/i0.wp.com\/cabralycia.com.ar\/wp-content\/uploads\/2022\/06\/automatizacion-de-corte-1.jpg?resize=300%2C170&amp;ssl=1 300w\" data-sizes=\"(max-width: 712px) 100vw, 712px\" src=\"data:image\/svg+xml;base64,PHN2ZyB3aWR0aD0iMSIgaGVpZ2h0PSIxIiB4bWxucz0iaHR0cDovL3d3dy53My5vcmcvMjAwMC9zdmciPjwvc3ZnPg==\" style=\"--smush-placeholder-width: 712px; --smush-placeholder-aspect-ratio: 712\/403;\" \/>\t\t\t\t\t\t\t\t\t\t\t\t\t\t\t<\/div>\n\t\t\t\t<\/div>\n\t\t\t\t\t<\/div>\n\t\t<\/div>\n\t\t\t\t\t<\/div>\n\t\t<\/section>\n\t\t\t\t<section class=\"elementor-section elementor-top-section elementor-element elementor-element-257d437 elementor-section-boxed elementor-section-height-default elementor-section-height-default\" data-id=\"257d437\" data-element_type=\"section\" data-e-type=\"section\">\n\t\t\t\t\t\t<div class=\"elementor-container elementor-column-gap-custom\">\n\t\t\t\t\t<div class=\"elementor-column elementor-col-100 elementor-top-column elementor-element elementor-element-f3cd139\" data-id=\"f3cd139\" data-element_type=\"column\" data-e-type=\"column\">\n\t\t\t<div class=\"elementor-widget-wrap elementor-element-populated\">\n\t\t\t\t\t\t<div class=\"elementor-element elementor-element-bcdef03 elementor-widget elementor-widget-text-editor\" data-id=\"bcdef03\" data-element_type=\"widget\" data-e-type=\"widget\" data-widget_type=\"text-editor.default\">\n\t\t\t\t<div class=\"elementor-widget-container\">\n\t\t\t\t\t\t\t\t\t<p style=\"text-align: center;\">Brindamos soluciones integrales en automatizaci\u00f3n y mecanizaci\u00f3n de soldadura y corte<\/p>\n<p style=\"text-align: center;\">Nuestra experiencia aplicada al asesoramiento, implementaci\u00f3n de nuevas tecnolog\u00edas, servicio post venta, unidas a la alta calidad de los equipos ofrecidos; generan sistemas de m\u00e1ximo rendimiento con la mejor relaci\u00f3n costo\/ beneficio<\/p>\t\t\t\t\t\t\t\t<\/div>\n\t\t\t\t<\/div>\n\t\t\t\t<div class=\"elementor-element elementor-element-b74ce76 elementor-align-center elementor-widget elementor-widget-button\" data-id=\"b74ce76\" data-element_type=\"widget\" data-e-type=\"widget\" data-widget_type=\"button.default\">\n\t\t\t\t<div class=\"elementor-widget-container\">\n\t\t\t\t\t\t\t\t\t<div class=\"elementor-button-wrapper\">\n\t\t\t\t\t<a class=\"elementor-button elementor-button-link elementor-size-sm\" href=\"https:\/\/cabralycia.com.ar\/index.php\/productos\/\">\n\t\t\t\t\t\t<span class=\"elementor-button-content-wrapper\">\n\t\t\t\t\t\t\t\t\t<span class=\"elementor-button-text\">Volver<\/span>\n\t\t\t\t\t<\/span>\n\t\t\t\t\t<\/a>\n\t\t\t\t<\/div>\n\t\t\t\t\t\t\t\t<\/div>\n\t\t\t\t<\/div>\n\t\t\t\t\t<\/div>\n\t\t<\/div>\n\t\t\t\t\t<\/div>\n\t\t<\/section>\n\t\t\t\t<\/div>\n\t\t","protected":false},"excerpt":{"rendered":"<p>AUTOMATIZACION DE SOLDADURA Y CORTE Brindamos soluciones integrales en automatizaci\u00f3n y mecanizaci\u00f3n de soldadura y corte Nuestra experiencia aplicada al asesoramiento, implementaci\u00f3n de nuevas tecnolog\u00edas, servicio post venta, unidas a la alta calidad de los equipos ofrecidos; generan sistemas de m\u00e1ximo rendimiento con la mejor relaci\u00f3n costo\/ beneficio Volver<\/p>\n","protected":false},"author":1,"featured_media":0,"parent":0,"menu_order":0,"comment_status":"closed","ping_status":"closed","template":"","meta":{"ocean_post_layout":"full-screen","ocean_both_sidebars_style":"","ocean_both_sidebars_content_width":0,"ocean_both_sidebars_sidebars_width":0,"ocean_sidebar":"0","ocean_second_sidebar":"0","ocean_disable_margins":"on","ocean_add_body_class":"","ocean_shortcode_before_top_bar":"","ocean_shortcode_after_top_bar":"","ocean_shortcode_before_header":"","ocean_shortcode_after_header":"","ocean_has_shortcode":"","ocean_shortcode_after_title":"","ocean_shortcode_before_footer_widgets":"","ocean_shortcode_after_footer_widgets":"","ocean_shortcode_before_footer_bottom":"","ocean_shortcode_after_footer_bottom":"","ocean_display_top_bar":"default","ocean_display_header":"default","ocean_header_style":"","ocean_center_header_left_menu":"0","ocean_custom_header_template":"0","ocean_custom_logo":0,"ocean_custom_retina_logo":0,"ocean_custom_logo_max_width":0,"ocean_custom_logo_tablet_max_width":0,"ocean_custom_logo_mobile_max_width":0,"ocean_custom_logo_max_height":0,"ocean_custom_logo_tablet_max_height":0,"ocean_custom_logo_mobile_max_height":0,"ocean_header_custom_menu":"0","ocean_menu_typo_font_family":"0","ocean_menu_typo_font_subset":"","ocean_menu_typo_font_size":0,"ocean_menu_typo_font_size_tablet":0,"ocean_menu_typo_font_size_mobile":0,"ocean_menu_typo_font_size_unit":"px","ocean_menu_typo_font_weight":"","ocean_menu_typo_font_weight_tablet":"","ocean_menu_typo_font_weight_mobile":"","ocean_menu_typo_transform":"","ocean_menu_typo_transform_tablet":"","ocean_menu_typo_transform_mobile":"","ocean_menu_typo_line_height":0,"ocean_menu_typo_line_height_tablet":0,"ocean_menu_typo_line_height_mobile":0,"ocean_menu_typo_line_height_unit":"","ocean_menu_typo_spacing":0,"ocean_menu_typo_spacing_tablet":0,"ocean_menu_typo_spacing_mobile":0,"ocean_menu_typo_spacing_unit":"","ocean_menu_link_color":"","ocean_menu_link_color_hover":"","ocean_menu_link_color_active":"","ocean_menu_link_background":"","ocean_menu_link_hover_background":"","ocean_menu_link_active_background":"","ocean_menu_social_links_bg":"","ocean_menu_social_hover_links_bg":"","ocean_menu_social_links_color":"","ocean_menu_social_hover_links_color":"","ocean_disable_title":"default","ocean_disable_heading":"default","ocean_post_title":"Pant\u00f3grafos y automatizacion de soldadura y corte","ocean_post_subheading":"Pantografos plasma y laser - Automatizaci\u00f3n de soldadura y corte","ocean_post_title_style":"background-image","ocean_post_title_background_color":"","ocean_post_title_background":656,"ocean_post_title_bg_image_position":"bottom center","ocean_post_title_bg_image_attachment":"","ocean_post_title_bg_image_repeat":"","ocean_post_title_bg_image_size":"","ocean_post_title_height":0,"ocean_post_title_bg_overlay":0.5,"ocean_post_title_bg_overlay_color":"","ocean_disable_breadcrumbs":"default","ocean_breadcrumbs_color":"","ocean_breadcrumbs_separator_color":"","ocean_breadcrumbs_links_color":"","ocean_breadcrumbs_links_hover_color":"","ocean_display_footer_widgets":"default","ocean_display_footer_bottom":"default","ocean_custom_footer_template":"0","footnotes":""},"class_list":["post-1127","page","type-page","status-publish","hentry","entry"],"jetpack_sharing_enabled":true,"_links":{"self":[{"href":"https:\/\/cabralycia.com.ar\/index.php\/wp-json\/wp\/v2\/pages\/1127","targetHints":{"allow":["GET"]}}],"collection":[{"href":"https:\/\/cabralycia.com.ar\/index.php\/wp-json\/wp\/v2\/pages"}],"about":[{"href":"https:\/\/cabralycia.com.ar\/index.php\/wp-json\/wp\/v2\/types\/page"}],"author":[{"embeddable":true,"href":"https:\/\/cabralycia.com.ar\/index.php\/wp-json\/wp\/v2\/users\/1"}],"replies":[{"embeddable":true,"href":"https:\/\/cabralycia.com.ar\/index.php\/wp-json\/wp\/v2\/comments?post=1127"}],"version-history":[{"count":25,"href":"https:\/\/cabralycia.com.ar\/index.php\/wp-json\/wp\/v2\/pages\/1127\/revisions"}],"predecessor-version":[{"id":1770,"href":"https:\/\/cabralycia.com.ar\/index.php\/wp-json\/wp\/v2\/pages\/1127\/revisions\/1770"}],"wp:attachment":[{"href":"https:\/\/cabralycia.com.ar\/index.php\/wp-json\/wp\/v2\/media?parent=1127"}],"curies":[{"name":"wp","href":"https:\/\/api.w.org\/{rel}","templated":true}]}}