{"id":1781,"date":"2025-04-29T14:40:21","date_gmt":"2025-04-29T14:40:21","guid":{"rendered":"https:\/\/cabralycia.com.ar\/?page_id=1781"},"modified":"2025-04-29T15:21:27","modified_gmt":"2025-04-29T15:21:27","slug":"servicio-tecnico","status":"publish","type":"page","link":"https:\/\/cabralycia.com.ar\/index.php\/servicio-tecnico\/","title":{"rendered":"Servicio Tecnico"},"content":{"rendered":"\t\t<div data-elementor-type=\"wp-post\" data-elementor-id=\"1781\" class=\"elementor elementor-1781\">\n\t\t\t\t\t\t<section class=\"elementor-section elementor-top-section elementor-element elementor-element-d977375 elementor-section-boxed elementor-section-height-default elementor-section-height-default\" data-id=\"d977375\" data-element_type=\"section\" data-e-type=\"section\">\n\t\t\t\t\t\t<div class=\"elementor-container elementor-column-gap-default\">\n\t\t\t\t\t<div class=\"elementor-column elementor-col-100 elementor-top-column elementor-element elementor-element-b6ae903\" data-id=\"b6ae903\" data-element_type=\"column\" data-e-type=\"column\">\n\t\t\t<div class=\"elementor-widget-wrap elementor-element-populated\">\n\t\t\t\t\t\t<div class=\"elementor-element elementor-element-0909aec elementor-widget elementor-widget-image\" data-id=\"0909aec\" data-element_type=\"widget\" data-e-type=\"widget\" data-widget_type=\"image.default\">\n\t\t\t\t<div class=\"elementor-widget-container\">\n\t\t\t\t\t\t\t\t\t\t\t\t\t\t\t<img fetchpriority=\"high\" decoding=\"async\" width=\"1920\" height=\"311\" src=\"https:\/\/i0.wp.com\/cabralycia.com.ar\/wp-content\/uploads\/2025\/02\/LOGO-CABRAL-ALTA-2.png?fit=1920%2C311&amp;ssl=1\" class=\"attachment-full size-full wp-image-1499\" alt=\"\" srcset=\"https:\/\/i0.wp.com\/cabralycia.com.ar\/wp-content\/uploads\/2025\/02\/LOGO-CABRAL-ALTA-2.png?w=1920&amp;ssl=1 1920w, https:\/\/i0.wp.com\/cabralycia.com.ar\/wp-content\/uploads\/2025\/02\/LOGO-CABRAL-ALTA-2.png?resize=300%2C49&amp;ssl=1 300w, https:\/\/i0.wp.com\/cabralycia.com.ar\/wp-content\/uploads\/2025\/02\/LOGO-CABRAL-ALTA-2.png?resize=1024%2C166&amp;ssl=1 1024w, https:\/\/i0.wp.com\/cabralycia.com.ar\/wp-content\/uploads\/2025\/02\/LOGO-CABRAL-ALTA-2.png?resize=768%2C124&amp;ssl=1 768w, https:\/\/i0.wp.com\/cabralycia.com.ar\/wp-content\/uploads\/2025\/02\/LOGO-CABRAL-ALTA-2.png?resize=1536%2C249&amp;ssl=1 1536w\" sizes=\"(max-width: 1200px) 100vw, 1200px\" \/>\t\t\t\t\t\t\t\t\t\t\t\t\t\t\t<\/div>\n\t\t\t\t<\/div>\n\t\t\t\t\t<\/div>\n\t\t<\/div>\n\t\t\t\t\t<\/div>\n\t\t<\/section>\n\t\t\t\t<section class=\"elementor-section elementor-top-section elementor-element elementor-element-8786c18 elementor-section-boxed elementor-section-height-default elementor-section-height-default\" data-id=\"8786c18\" data-element_type=\"section\" data-e-type=\"section\">\n\t\t\t\t\t\t<div class=\"elementor-container elementor-column-gap-default\">\n\t\t\t\t\t<div class=\"elementor-column elementor-col-100 elementor-top-column elementor-element elementor-element-0d7d591\" data-id=\"0d7d591\" data-element_type=\"column\" data-e-type=\"column\">\n\t\t\t<div class=\"elementor-widget-wrap elementor-element-populated\">\n\t\t\t\t\t\t<div class=\"elementor-element elementor-element-13bf7b3 elementor-invisible elementor-widget elementor-widget-image-box\" data-id=\"13bf7b3\" data-element_type=\"widget\" data-e-type=\"widget\" data-settings=\"{&quot;_animation&quot;:&quot;fadeIn&quot;}\" data-widget_type=\"image-box.default\">\n\t\t\t\t<div class=\"elementor-widget-container\">\n\t\t\t\t\t<div class=\"elementor-image-box-wrapper\"><div class=\"elementor-image-box-content\"><h2 class=\"elementor-image-box-title\"><span style=\"font-family: ABeeZee;font-size: 15px;font-style: normal;font-weight: 400;letter-spacing: 0.4px;text-transform: none\">Servicio T\u00e9cnico Oficial para Equipos de Soldar RMB en el NOA<\/span><\/h2><p class=\"elementor-image-box-description\">Somos el servicio t\u00e9cnico de equipos de soldadura RMB, Para la regi\u00f3n NOA (Tucum\u00e1n, Salta, Jujuy, Santiago del Estero y Catamarca).<br>\nNos especializamos en la marca RMB, ofreciendo asistencia t\u00e9cnica oficial, mantenimiento preventivo, reparaci\u00f3n de fallas,y puesta a punto de todo el rango de m\u00e1quinas de soldar<br><br><img decoding=\"async\" role=\"img\" class=\"emoji lazyload\" alt=\"\u2705\" data-src=\"https:\/\/s.w.org\/images\/core\/emoji\/15.1.0\/svg\/2705.svg\" src=\"data:image\/svg+xml;base64,PHN2ZyB3aWR0aD0iMSIgaGVpZ2h0PSIxIiB4bWxucz0iaHR0cDovL3d3dy53My5vcmcvMjAwMC9zdmciPjwvc3ZnPg==\"> Atenci\u00f3n personalizada<br><img decoding=\"async\" role=\"img\" class=\"emoji lazyload\" alt=\"\u2705\" data-src=\"https:\/\/s.w.org\/images\/core\/emoji\/15.1.0\/svg\/2705.svg\" src=\"data:image\/svg+xml;base64,PHN2ZyB3aWR0aD0iMSIgaGVpZ2h0PSIxIiB4bWxucz0iaHR0cDovL3d3dy53My5vcmcvMjAwMC9zdmciPjwvc3ZnPg==\"> T\u00e9cnicos capacitados y con repuestos originales<br><img decoding=\"async\" role=\"img\" class=\"emoji lazyload\" alt=\"\u2705\" data-src=\"https:\/\/s.w.org\/images\/core\/emoji\/15.1.0\/svg\/2705.svg\" src=\"data:image\/svg+xml;base64,PHN2ZyB3aWR0aD0iMSIgaGVpZ2h0PSIxIiB4bWxucz0iaHR0cDovL3d3dy53My5vcmcvMjAwMC9zdmciPjwvc3ZnPg==\"> Diagn\u00f3stico preciso y soluciones \u00e1giles<br><img decoding=\"async\" role=\"img\" class=\"emoji lazyload\" alt=\"\u2705\" data-src=\"https:\/\/s.w.org\/images\/core\/emoji\/15.1.0\/svg\/2705.svg\" src=\"data:image\/svg+xml;base64,PHN2ZyB3aWR0aD0iMSIgaGVpZ2h0PSIxIiB4bWxucz0iaHR0cDovL3d3dy53My5vcmcvMjAwMC9zdmciPjwvc3ZnPg==\"> Soporte post-reparaci\u00f3n<br><br>Con m\u00e1s de 20 a\u00f1os acompa\u00f1ando a la industria metal\u00fargica regional, garantizamos un servicio confiable y a la altura de las exigencias del rubro.<br><br>\u00bfTen\u00e9s una m\u00e1quina RMB con problemas?<br>Contactanos y coordinamos el diagn\u00f3stico de forma r\u00e1pida y sencilla<\/p><\/div><\/div>\t\t\t\t<\/div>\n\t\t\t\t<\/div>\n\t\t\t\t\t<\/div>\n\t\t<\/div>\n\t\t\t\t\t<\/div>\n\t\t<\/section>\n\t\t\t\t<section class=\"elementor-section elementor-top-section elementor-element elementor-element-2fa56d6 elementor-section-boxed elementor-section-height-default elementor-section-height-default\" data-id=\"2fa56d6\" data-element_type=\"section\" data-e-type=\"section\">\n\t\t\t\t\t\t<div class=\"elementor-container elementor-column-gap-default\">\n\t\t\t\t\t<div class=\"elementor-column elementor-col-100 elementor-top-column elementor-element elementor-element-93070af\" data-id=\"93070af\" data-element_type=\"column\" data-e-type=\"column\">\n\t\t\t<div class=\"elementor-widget-wrap elementor-element-populated\">\n\t\t\t\t\t\t<div class=\"elementor-element elementor-element-27bd296 elementor-widget elementor-widget-heading\" data-id=\"27bd296\" data-element_type=\"widget\" data-e-type=\"widget\" data-widget_type=\"heading.default\">\n\t\t\t\t<div class=\"elementor-widget-container\">\n\t\t\t\t\t<h2 class=\"elementor-heading-title elementor-size-default\">Dejanos tu consulta<\/h2>\t\t\t\t<\/div>\n\t\t\t\t<\/div>\n\t\t\t\t<div class=\"elementor-element elementor-element-5366814 elementor-widget elementor-widget-wpforms\" data-id=\"5366814\" data-element_type=\"widget\" data-e-type=\"widget\" data-widget_type=\"wpforms.default\">\n\t\t\t\t<div class=\"elementor-widget-container\">\n\t\t\t\t\t<div class=\"wpforms-container wpforms-container-full\" id=\"wpforms-1792\"><form id=\"wpforms-form-1792\" class=\"wpforms-validate wpforms-form wpforms-ajax-form\" data-formid=\"1792\" method=\"post\" enctype=\"multipart\/form-data\" action=\"\/index.php\/wp-json\/wp\/v2\/pages\/1781\" data-token=\"aac38f94ba39cf1483ca484d1d5e57fb\" data-token-time=\"1776594223\"><noscript class=\"wpforms-error-noscript\">Please enable JavaScript in your browser to complete this form.<\/noscript><div class=\"wpforms-field-container\"><div id=\"wpforms-1792-field_0-container\" class=\"wpforms-field wpforms-field-name\" data-field-id=\"0\"><label class=\"wpforms-field-label\" for=\"wpforms-1792-field_0\">Nombre <span class=\"wpforms-required-label\">*<\/span><\/label><input type=\"text\" id=\"wpforms-1792-field_0\" class=\"wpforms-field-medium wpforms-field-required\" name=\"wpforms[fields][0]\" required><\/div><div id=\"wpforms-1792-field_1-container\" class=\"wpforms-field wpforms-field-email\" data-field-id=\"1\"><label class=\"wpforms-field-label\" for=\"wpforms-1792-field_1\">Email <span class=\"wpforms-required-label\">*<\/span><\/label><input type=\"email\" id=\"wpforms-1792-field_1\" class=\"wpforms-field-medium wpforms-field-required\" name=\"wpforms[fields][1]\" spellcheck=\"false\" required><\/div><div id=\"wpforms-1792-field_3-container\" class=\"wpforms-field wpforms-field-text\" data-field-id=\"3\"><label class=\"wpforms-field-label\" for=\"wpforms-1792-field_3\">Telefono <span class=\"wpforms-required-label\">*<\/span><\/label><input type=\"text\" id=\"wpforms-1792-field_3\" class=\"wpforms-field-medium wpforms-field-required\" name=\"wpforms[fields][3]\" required><\/div><div id=\"wpforms-1792-field_4-container\" class=\"wpforms-field wpforms-field-text\" data-field-id=\"4\"><label class=\"wpforms-field-label\" for=\"wpforms-1792-field_4\">Marca y modelo de equipo<\/label><input type=\"text\" id=\"wpforms-1792-field_4\" class=\"wpforms-field-medium\" name=\"wpforms[fields][4]\" ><\/div><div id=\"wpforms-1792-field_2-container\" class=\"wpforms-field wpforms-field-textarea\" data-field-id=\"2\"><label class=\"wpforms-field-label\" for=\"wpforms-1792-field_2\">Mensaje <span class=\"wpforms-required-label\">*<\/span><\/label><textarea id=\"wpforms-1792-field_2\" class=\"wpforms-field-medium wpforms-field-required\" name=\"wpforms[fields][2]\" required><\/textarea><\/div><\/div><!-- .wpforms-field-container --><div class=\"wpforms-submit-container\" ><input type=\"hidden\" name=\"wpforms[id]\" value=\"1792\"><input type=\"hidden\" name=\"page_title\" value=\"\"><input type=\"hidden\" name=\"page_url\" value=\"https:\/\/cabralycia.com.ar\/index.php\/wp-json\/wp\/v2\/pages\/1781\"><input type=\"hidden\" name=\"url_referer\" value=\"\"><button type=\"submit\" name=\"wpforms[submit]\" id=\"wpforms-submit-1792\" class=\"wpforms-submit\" data-alt-text=\"Enviando....\" data-submit-text=\"Enviar\" aria-live=\"assertive\" value=\"wpforms-submit\">Enviar<\/button><img decoding=\"async\" data-src=\"https:\/\/cabralycia.com.ar\/wp-content\/plugins\/wpforms-lite\/assets\/images\/submit-spin.svg\" class=\"wpforms-submit-spinner lazyload\" style=\"--smush-placeholder-width: 26px; --smush-placeholder-aspect-ratio: 26\/26;display: none;\" width=\"26\" height=\"26\" alt=\"Loading\" src=\"data:image\/svg+xml;base64,PHN2ZyB3aWR0aD0iMSIgaGVpZ2h0PSIxIiB4bWxucz0iaHR0cDovL3d3dy53My5vcmcvMjAwMC9zdmciPjwvc3ZnPg==\"><\/div><\/form><\/div>  <!-- .wpforms-container -->\t\t\t\t<\/div>\n\t\t\t\t<\/div>\n\t\t\t\t\t<\/div>\n\t\t<\/div>\n\t\t\t\t\t<\/div>\n\t\t<\/section>\n\t\t\t\t<section class=\"elementor-section elementor-top-section elementor-element elementor-element-17b6e86 elementor-section-boxed elementor-section-height-default elementor-section-height-default\" data-id=\"17b6e86\" data-element_type=\"section\" data-e-type=\"section\">\n\t\t\t\t\t\t<div class=\"elementor-container elementor-column-gap-default\">\n\t\t\t\t\t<div class=\"elementor-column elementor-col-50 elementor-top-column elementor-element elementor-element-3a512e3\" data-id=\"3a512e3\" data-element_type=\"column\" data-e-type=\"column\">\n\t\t\t<div class=\"elementor-widget-wrap elementor-element-populated\">\n\t\t\t\t\t\t<div class=\"elementor-element elementor-element-b6c8b0c elementor-widget elementor-widget-image\" data-id=\"b6c8b0c\" data-element_type=\"widget\" data-e-type=\"widget\" data-widget_type=\"image.default\">\n\t\t\t\t<div class=\"elementor-widget-container\">\n\t\t\t\t\t\t\t\t\t\t\t\t\t\t\t<img decoding=\"async\" width=\"1024\" height=\"731\" data-src=\"https:\/\/i0.wp.com\/cabralycia.com.ar\/wp-content\/uploads\/2025\/04\/Servicio-Tecnico-RMB-en-baja-Foto-Dan-Damelio-15-1024x731-1.jpg?fit=1024%2C731&amp;ssl=1\" class=\"attachment-large size-large wp-image-1785 lazyload\" alt=\"\" data-srcset=\"https:\/\/i0.wp.com\/cabralycia.com.ar\/wp-content\/uploads\/2025\/04\/Servicio-Tecnico-RMB-en-baja-Foto-Dan-Damelio-15-1024x731-1.jpg?w=1024&amp;ssl=1 1024w, https:\/\/i0.wp.com\/cabralycia.com.ar\/wp-content\/uploads\/2025\/04\/Servicio-Tecnico-RMB-en-baja-Foto-Dan-Damelio-15-1024x731-1.jpg?resize=300%2C214&amp;ssl=1 300w, https:\/\/i0.wp.com\/cabralycia.com.ar\/wp-content\/uploads\/2025\/04\/Servicio-Tecnico-RMB-en-baja-Foto-Dan-Damelio-15-1024x731-1.jpg?resize=768%2C548&amp;ssl=1 768w\" data-sizes=\"(max-width: 1024px) 100vw, 1024px\" src=\"data:image\/svg+xml;base64,PHN2ZyB3aWR0aD0iMSIgaGVpZ2h0PSIxIiB4bWxucz0iaHR0cDovL3d3dy53My5vcmcvMjAwMC9zdmciPjwvc3ZnPg==\" style=\"--smush-placeholder-width: 1024px; --smush-placeholder-aspect-ratio: 1024\/731;\" \/>\t\t\t\t\t\t\t\t\t\t\t\t\t\t\t<\/div>\n\t\t\t\t<\/div>\n\t\t\t\t\t<\/div>\n\t\t<\/div>\n\t\t\t\t<div class=\"elementor-column elementor-col-50 elementor-top-column elementor-element elementor-element-5796aa8\" data-id=\"5796aa8\" data-element_type=\"column\" data-e-type=\"column\">\n\t\t\t<div class=\"elementor-widget-wrap elementor-element-populated\">\n\t\t\t\t\t\t<div class=\"elementor-element elementor-element-85741a8 elementor-widget elementor-widget-image\" data-id=\"85741a8\" data-element_type=\"widget\" data-e-type=\"widget\" data-widget_type=\"image.default\">\n\t\t\t\t<div class=\"elementor-widget-container\">\n\t\t\t\t\t\t\t\t\t\t\t\t\t\t\t<img decoding=\"async\" width=\"1024\" height=\"732\" data-src=\"https:\/\/i0.wp.com\/cabralycia.com.ar\/wp-content\/uploads\/2025\/04\/Servicio-Tecnico-RMB-en-baja-Foto-Dan-Damelio-10-scaled-1.jpg?fit=1024%2C732&amp;ssl=1\" class=\"attachment-large size-large wp-image-1784 lazyload\" alt=\"\" data-srcset=\"https:\/\/i0.wp.com\/cabralycia.com.ar\/wp-content\/uploads\/2025\/04\/Servicio-Tecnico-RMB-en-baja-Foto-Dan-Damelio-10-scaled-1.jpg?w=2560&amp;ssl=1 2560w, https:\/\/i0.wp.com\/cabralycia.com.ar\/wp-content\/uploads\/2025\/04\/Servicio-Tecnico-RMB-en-baja-Foto-Dan-Damelio-10-scaled-1.jpg?resize=300%2C214&amp;ssl=1 300w, https:\/\/i0.wp.com\/cabralycia.com.ar\/wp-content\/uploads\/2025\/04\/Servicio-Tecnico-RMB-en-baja-Foto-Dan-Damelio-10-scaled-1.jpg?resize=1024%2C732&amp;ssl=1 1024w, https:\/\/i0.wp.com\/cabralycia.com.ar\/wp-content\/uploads\/2025\/04\/Servicio-Tecnico-RMB-en-baja-Foto-Dan-Damelio-10-scaled-1.jpg?resize=768%2C549&amp;ssl=1 768w, https:\/\/i0.wp.com\/cabralycia.com.ar\/wp-content\/uploads\/2025\/04\/Servicio-Tecnico-RMB-en-baja-Foto-Dan-Damelio-10-scaled-1.jpg?resize=1536%2C1097&amp;ssl=1 1536w, https:\/\/i0.wp.com\/cabralycia.com.ar\/wp-content\/uploads\/2025\/04\/Servicio-Tecnico-RMB-en-baja-Foto-Dan-Damelio-10-scaled-1.jpg?resize=2048%2C1463&amp;ssl=1 2048w, https:\/\/i0.wp.com\/cabralycia.com.ar\/wp-content\/uploads\/2025\/04\/Servicio-Tecnico-RMB-en-baja-Foto-Dan-Damelio-10-scaled-1.jpg?w=2400&amp;ssl=1 2400w\" data-sizes=\"(max-width: 1024px) 100vw, 1024px\" src=\"data:image\/svg+xml;base64,PHN2ZyB3aWR0aD0iMSIgaGVpZ2h0PSIxIiB4bWxucz0iaHR0cDovL3d3dy53My5vcmcvMjAwMC9zdmciPjwvc3ZnPg==\" style=\"--smush-placeholder-width: 1024px; --smush-placeholder-aspect-ratio: 1024\/732;\" \/>\t\t\t\t\t\t\t\t\t\t\t\t\t\t\t<\/div>\n\t\t\t\t<\/div>\n\t\t\t\t\t<\/div>\n\t\t<\/div>\n\t\t\t\t\t<\/div>\n\t\t<\/section>\n\t\t\t\t<section class=\"elementor-section elementor-top-section elementor-element elementor-element-37c6497 elementor-section-boxed elementor-section-height-default elementor-section-height-default\" data-id=\"37c6497\" data-element_type=\"section\" data-e-type=\"section\">\n\t\t\t\t\t\t<div class=\"elementor-container elementor-column-gap-default\">\n\t\t\t\t\t<div class=\"elementor-column elementor-col-100 elementor-top-column elementor-element elementor-element-bce25c3\" data-id=\"bce25c3\" data-element_type=\"column\" data-e-type=\"column\">\n\t\t\t<div class=\"elementor-widget-wrap\">\n\t\t\t\t\t\t\t<\/div>\n\t\t<\/div>\n\t\t\t\t\t<\/div>\n\t\t<\/section>\n\t\t\t\t<\/div>\n\t\t","protected":false},"excerpt":{"rendered":"<p>Servicio T\u00e9cnico Oficial para Equipos de Soldar RMB en el NOA Somos el servicio t\u00e9cnico de equipos de soldadura RMB, Para la regi\u00f3n NOA (Tucum\u00e1n, Salta, Jujuy, Santiago del Estero y Catamarca). Nos especializamos en la marca RMB, ofreciendo asistencia t\u00e9cnica oficial, mantenimiento preventivo, reparaci\u00f3n de fallas,y puesta a punto de todo el rango de [&hellip;]<\/p>\n","protected":false},"author":1,"featured_media":0,"parent":0,"menu_order":0,"comment_status":"closed","ping_status":"closed","template":"","meta":{"ocean_post_layout":"full-screen","ocean_both_sidebars_style":"","ocean_both_sidebars_content_width":0,"ocean_both_sidebars_sidebars_width":0,"ocean_sidebar":"0","ocean_second_sidebar":"0","ocean_disable_margins":"on","ocean_add_body_class":"","ocean_shortcode_before_top_bar":"","ocean_shortcode_after_top_bar":"","ocean_shortcode_before_header":"","ocean_shortcode_after_header":"","ocean_has_shortcode":"","ocean_shortcode_after_title":"","ocean_shortcode_before_footer_widgets":"","ocean_shortcode_after_footer_widgets":"","ocean_shortcode_before_footer_bottom":"","ocean_shortcode_after_footer_bottom":"","ocean_display_top_bar":"default","ocean_display_header":"default","ocean_header_style":"","ocean_center_header_left_menu":"0","ocean_custom_header_template":"0","ocean_custom_logo":0,"ocean_custom_retina_logo":0,"ocean_custom_logo_max_width":0,"ocean_custom_logo_tablet_max_width":0,"ocean_custom_logo_mobile_max_width":0,"ocean_custom_logo_max_height":0,"ocean_custom_logo_tablet_max_height":0,"ocean_custom_logo_mobile_max_height":0,"ocean_header_custom_menu":"0","ocean_menu_typo_font_family":"0","ocean_menu_typo_font_subset":"","ocean_menu_typo_font_size":0,"ocean_menu_typo_font_size_tablet":0,"ocean_menu_typo_font_size_mobile":0,"ocean_menu_typo_font_size_unit":"px","ocean_menu_typo_font_weight":"","ocean_menu_typo_font_weight_tablet":"","ocean_menu_typo_font_weight_mobile":"","ocean_menu_typo_transform":"","ocean_menu_typo_transform_tablet":"","ocean_menu_typo_transform_mobile":"","ocean_menu_typo_line_height":0,"ocean_menu_typo_line_height_tablet":0,"ocean_menu_typo_line_height_mobile":0,"ocean_menu_typo_line_height_unit":"","ocean_menu_typo_spacing":0,"ocean_menu_typo_spacing_tablet":0,"ocean_menu_typo_spacing_mobile":0,"ocean_menu_typo_spacing_unit":"","ocean_menu_link_color":"","ocean_menu_link_color_hover":"","ocean_menu_link_color_active":"","ocean_menu_link_background":"","ocean_menu_link_hover_background":"","ocean_menu_link_active_background":"","ocean_menu_social_links_bg":"","ocean_menu_social_hover_links_bg":"","ocean_menu_social_links_color":"","ocean_menu_social_hover_links_color":"","ocean_disable_title":"default","ocean_disable_heading":"default","ocean_post_title":"","ocean_post_subheading":"Servicio t\u00e9cnico autorizado RMB para todo el NOA","ocean_post_title_style":"background-image","ocean_post_title_background_color":"","ocean_post_title_background":1782,"ocean_post_title_bg_image_position":"center center","ocean_post_title_bg_image_attachment":"","ocean_post_title_bg_image_repeat":"","ocean_post_title_bg_image_size":"auto","ocean_post_title_height":400,"ocean_post_title_bg_overlay":0.5,"ocean_post_title_bg_overlay_color":"","ocean_disable_breadcrumbs":"default","ocean_breadcrumbs_color":"","ocean_breadcrumbs_separator_color":"","ocean_breadcrumbs_links_color":"","ocean_breadcrumbs_links_hover_color":"","ocean_display_footer_widgets":"default","ocean_display_footer_bottom":"default","ocean_custom_footer_template":"0","footnotes":""},"class_list":["post-1781","page","type-page","status-publish","hentry","entry"],"jetpack_sharing_enabled":true,"_links":{"self":[{"href":"https:\/\/cabralycia.com.ar\/index.php\/wp-json\/wp\/v2\/pages\/1781","targetHints":{"allow":["GET"]}}],"collection":[{"href":"https:\/\/cabralycia.com.ar\/index.php\/wp-json\/wp\/v2\/pages"}],"about":[{"href":"https:\/\/cabralycia.com.ar\/index.php\/wp-json\/wp\/v2\/types\/page"}],"author":[{"embeddable":true,"href":"https:\/\/cabralycia.com.ar\/index.php\/wp-json\/wp\/v2\/users\/1"}],"replies":[{"embeddable":true,"href":"https:\/\/cabralycia.com.ar\/index.php\/wp-json\/wp\/v2\/comments?post=1781"}],"version-history":[{"count":13,"href":"https:\/\/cabralycia.com.ar\/index.php\/wp-json\/wp\/v2\/pages\/1781\/revisions"}],"predecessor-version":[{"id":1807,"href":"https:\/\/cabralycia.com.ar\/index.php\/wp-json\/wp\/v2\/pages\/1781\/revisions\/1807"}],"wp:attachment":[{"href":"https:\/\/cabralycia.com.ar\/index.php\/wp-json\/wp\/v2\/media?parent=1781"}],"curies":[{"name":"wp","href":"https:\/\/api.w.org\/{rel}","templated":true}]}}